{"id":916,"date":"2022-06-24T14:54:22","date_gmt":"2022-06-24T14:54:22","guid":{"rendered":"https:\/\/retromarques.pt\/home\/?page_id=916"},"modified":"2023-11-29T15:55:42","modified_gmt":"2023-11-29T15:55:42","slug":"ambiente","status":"publish","type":"page","link":"https:\/\/retromarques.pt\/home\/ambiente\/","title":{"rendered":"Ambiente"},"content":{"rendered":"\t\t<div data-elementor-type=\"wp-page\" data-elementor-id=\"916\" class=\"elementor elementor-916\" data-elementor-post-type=\"page\">\n\t\t\t\t\t\t<section class=\"elementor-section elementor-top-section elementor-element elementor-element-21f71b5 elementor-section-boxed elementor-section-height-default elementor-section-height-default parallax_section_no qode_elementor_container_no\" data-id=\"21f71b5\" data-element_type=\"section\">\n\t\t\t\t\t\t<div class=\"elementor-container elementor-column-gap-default\">\n\t\t\t\t\t<div class=\"elementor-column elementor-col-100 elementor-top-column elementor-element elementor-element-d8fb088\" data-id=\"d8fb088\" data-element_type=\"column\">\n\t\t\t<div class=\"elementor-widget-wrap elementor-element-populated\">\n\t\t\t\t\t\t<div class=\"elementor-element elementor-element-44a8b6d elementor-widget elementor-widget-text-editor\" data-id=\"44a8b6d\" data-element_type=\"widget\" data-widget_type=\"text-editor.default\">\n\t\t\t\t<div class=\"elementor-widget-container\">\n\t\t\t\t\t\t\t\t\t<p class=\"p1\">Sendo uma empresa extrativa, estamos conscientes da intera\u00e7\u00e3o que mantemos com a natureza, pois \u00e9 dela que extra\u00edmos os produtos utilizados.<\/p><p class=\"p1\">A Retromarques Constru\u00e7\u00f5es lda, procura manter as \u00e1reas exploradas em constante recupera\u00e7\u00e3o e renova\u00e7\u00e3o ambiental.<\/p><p class=\"p1\">As \u00e1reas utilizadas s\u00e3o reflorestadas com pinheiros ou replantadas com plantas nativas.<\/p>\t\t\t\t\t\t\t\t<\/div>\n\t\t\t\t<\/div>\n\t\t\t\t\t<\/div>\n\t\t<\/div>\n\t\t\t\t\t<\/div>\n\t\t<\/section>\n\t\t\t\t<section class=\"elementor-section elementor-top-section elementor-element elementor-element-5cd88d3 elementor-section-boxed elementor-section-height-default elementor-section-height-default parallax_section_no qode_elementor_container_no\" data-id=\"5cd88d3\" data-element_type=\"section\">\n\t\t\t\t\t\t<div class=\"elementor-container elementor-column-gap-default\">\n\t\t\t\t\t<div class=\"elementor-column elementor-col-100 elementor-top-column elementor-element elementor-element-6862108\" data-id=\"6862108\" data-element_type=\"column\">\n\t\t\t<div class=\"elementor-widget-wrap elementor-element-populated\">\n\t\t\t\t\t\t<div class=\"elementor-element elementor-element-f144ff9 elementor-widget elementor-widget-spacer\" data-id=\"f144ff9\" data-element_type=\"widget\" data-widget_type=\"spacer.default\">\n\t\t\t\t<div class=\"elementor-widget-container\">\n\t\t\t\t\t\t\t<div class=\"elementor-spacer\">\n\t\t\t<div class=\"elementor-spacer-inner\"><\/div>\n\t\t<\/div>\n\t\t\t\t\t\t<\/div>\n\t\t\t\t<\/div>\n\t\t\t\t\t<\/div>\n\t\t<\/div>\n\t\t\t\t\t<\/div>\n\t\t<\/section>\n\t\t\t\t<section class=\"elementor-section elementor-top-section elementor-element elementor-element-2b2c29e elementor-section-boxed elementor-section-height-default elementor-section-height-default parallax_section_no qode_elementor_container_no\" data-id=\"2b2c29e\" data-element_type=\"section\">\n\t\t\t\t\t\t<div class=\"elementor-container elementor-column-gap-default\">\n\t\t\t\t\t<div class=\"elementor-column elementor-col-33 elementor-top-column elementor-element elementor-element-fbbe0a6\" data-id=\"fbbe0a6\" data-element_type=\"column\">\n\t\t\t<div class=\"elementor-widget-wrap elementor-element-populated\">\n\t\t\t\t\t\t<div class=\"elementor-element elementor-element-0626c39 elementor-widget elementor-widget-image\" data-id=\"0626c39\" data-element_type=\"widget\" data-widget_type=\"image.default\">\n\t\t\t\t<div class=\"elementor-widget-container\">\n\t\t\t\t\t\t\t\t\t\t\t\t\t\t\t<img fetchpriority=\"high\" decoding=\"async\" width=\"280\" height=\"280\" src=\"https:\/\/retromarques.pt\/home\/wp-content\/uploads\/2023\/11\/ambientetree.jpg\" class=\"attachment-full size-full wp-image-1209\" alt=\"\" srcset=\"https:\/\/retromarques.pt\/home\/wp-content\/uploads\/2023\/11\/ambientetree.jpg 280w, https:\/\/retromarques.pt\/home\/wp-content\/uploads\/2023\/11\/ambientetree-150x150.jpg 150w\" sizes=\"(max-width: 280px) 100vw, 280px\" \/>\t\t\t\t\t\t\t\t\t\t\t\t\t\t\t<\/div>\n\t\t\t\t<\/div>\n\t\t\t\t\t<\/div>\n\t\t<\/div>\n\t\t\t\t<div class=\"elementor-column elementor-col-66 elementor-top-column elementor-element elementor-element-758b514\" data-id=\"758b514\" data-element_type=\"column\">\n\t\t\t<div class=\"elementor-widget-wrap elementor-element-populated\">\n\t\t\t\t\t\t<div class=\"elementor-element elementor-element-2b40fea elementor-widget elementor-widget-heading\" data-id=\"2b40fea\" data-element_type=\"widget\" data-widget_type=\"heading.default\">\n\t\t\t\t<div class=\"elementor-widget-container\">\n\t\t\t\t\t<h3 class=\"elementor-heading-title elementor-size-default\">Cuidados com o ambiente<\/h3>\t\t\t\t<\/div>\n\t\t\t\t<\/div>\n\t\t\t\t<div class=\"elementor-element elementor-element-20f6164 elementor-widget elementor-widget-text-editor\" data-id=\"20f6164\" data-element_type=\"widget\" data-widget_type=\"text-editor.default\">\n\t\t\t\t<div class=\"elementor-widget-container\">\n\t\t\t\t\t\t\t\t\t<p class=\"p1\">Mas ser\u00e1 que \u00e9 poss\u00edvel extrair areias e ao mesmo tempo respeitar o meio ambiente?<\/p>\n<p class=\"p1\">N\u00f3s acreditamos que sim.<\/p>\n<p class=\"p1\">O nosso compromisso com a sustentabilidade pode ser demonstrado com as<\/p>\n<p class=\"p1\">a\u00e7\u00f5es de recupera\u00e7\u00e3o ambiental de \u00e1reas j\u00e1 anteriormente sujeitas a explora\u00e7\u00e3o.<\/p>\n<p><b>&nbsp;<\/b><\/p>\n<p><b>Alguns dados demonstram o compromisso assumido:<\/b><\/p><p>&gt; Execu\u00e7\u00e3o da lavra de acordo com o plano;<\/p>\n<p>&gt; Aproveitamento m\u00e1ximo da mat\u00e9ria extra\u00edda, minimizando a produ\u00e7\u00e3o de desperd\u00edcio;<\/p>\n<p>&gt; Cumprimento do estabelecido no plano de recupera\u00e7\u00e3o paisag\u00edstica;<\/p>\n<p>&gt; Monitoriza\u00e7\u00e3o de par\u00e2metros nas diversas \u00e1reas da empresa designadamente, qualidade do ar, qualidade das \u00e1guas superficiais, n\u00edvel de ru\u00eddo e recupera\u00e7\u00e3o das \u00e1reas exploradas.<\/p>\t\t\t\t\t\t\t\t<\/div>\n\t\t\t\t<\/div>\n\t\t\t\t\t<\/div>\n\t\t<\/div>\n\t\t\t\t\t<\/div>\n\t\t<\/section>\n\t\t\t\t<section class=\"elementor-section elementor-top-section elementor-element elementor-element-335ef16 elementor-section-boxed elementor-section-height-default elementor-section-height-default parallax_section_no qode_elementor_container_no\" data-id=\"335ef16\" data-element_type=\"section\">\n\t\t\t\t\t\t<div class=\"elementor-container elementor-column-gap-default\">\n\t\t\t\t\t<div class=\"elementor-column elementor-col-100 elementor-top-column elementor-element elementor-element-4dd29c5\" data-id=\"4dd29c5\" data-element_type=\"column\">\n\t\t\t<div class=\"elementor-widget-wrap elementor-element-populated\">\n\t\t\t\t\t\t<div class=\"elementor-element elementor-element-a4c4297 elementor-widget elementor-widget-spacer\" data-id=\"a4c4297\" data-element_type=\"widget\" data-widget_type=\"spacer.default\">\n\t\t\t\t<div class=\"elementor-widget-container\">\n\t\t\t\t\t\t\t<div class=\"elementor-spacer\">\n\t\t\t<div class=\"elementor-spacer-inner\"><\/div>\n\t\t<\/div>\n\t\t\t\t\t\t<\/div>\n\t\t\t\t<\/div>\n\t\t\t\t\t<\/div>\n\t\t<\/div>\n\t\t\t\t\t<\/div>\n\t\t<\/section>\n\t\t\t\t<section class=\"elementor-section elementor-top-section elementor-element elementor-element-cc76584 elementor-section-boxed elementor-section-height-default elementor-section-height-default parallax_section_no qode_elementor_container_no\" data-id=\"cc76584\" data-element_type=\"section\">\n\t\t\t\t\t\t<div class=\"elementor-container elementor-column-gap-default\">\n\t\t\t\t\t<div class=\"elementor-column elementor-col-50 elementor-top-column elementor-element elementor-element-5c2307f\" data-id=\"5c2307f\" data-element_type=\"column\">\n\t\t\t<div class=\"elementor-widget-wrap elementor-element-populated\">\n\t\t\t\t\t\t<div class=\"elementor-element elementor-element-ddd31c1 elementor-widget elementor-widget-image\" data-id=\"ddd31c1\" data-element_type=\"widget\" data-widget_type=\"image.default\">\n\t\t\t\t<div class=\"elementor-widget-container\">\n\t\t\t\t\t\t\t\t\t\t\t\t\t\t\t<img decoding=\"async\" width=\"280\" height=\"280\" src=\"https:\/\/retromarques.pt\/home\/wp-content\/uploads\/2023\/09\/ambiente-hexo.png\" class=\"attachment-large size-large wp-image-1062\" alt=\"\" srcset=\"https:\/\/retromarques.pt\/home\/wp-content\/uploads\/2023\/09\/ambiente-hexo.png 280w, https:\/\/retromarques.pt\/home\/wp-content\/uploads\/2023\/09\/ambiente-hexo-150x150.png 150w\" sizes=\"(max-width: 280px) 100vw, 280px\" \/>\t\t\t\t\t\t\t\t\t\t\t\t\t\t\t<\/div>\n\t\t\t\t<\/div>\n\t\t\t\t\t<\/div>\n\t\t<\/div>\n\t\t\t\t<div class=\"elementor-column elementor-col-50 elementor-top-column elementor-element elementor-element-49d7a5b\" data-id=\"49d7a5b\" data-element_type=\"column\">\n\t\t\t<div class=\"elementor-widget-wrap elementor-element-populated\">\n\t\t\t\t\t\t<div class=\"elementor-element elementor-element-0c91e18 elementor-widget elementor-widget-heading\" data-id=\"0c91e18\" data-element_type=\"widget\" data-widget_type=\"heading.default\">\n\t\t\t\t<div class=\"elementor-widget-container\">\n\t\t\t\t\t<h3 class=\"elementor-heading-title elementor-size-default\">Pol\u00edtica Integrada de sa\u00fade, seguran\u00e7a e meio ambiente<\/h3>\t\t\t\t<\/div>\n\t\t\t\t<\/div>\n\t\t\t\t<div class=\"elementor-element elementor-element-8f445d2 elementor-widget elementor-widget-text-editor\" data-id=\"8f445d2\" data-element_type=\"widget\" data-widget_type=\"text-editor.default\">\n\t\t\t\t<div class=\"elementor-widget-container\">\n\t\t\t\t\t\t\t\t\t<p align=\"justify\">Quem se preocupa com o meio ambiente e com o futuro do planeta procura de forma equilibrada a rela\u00e7\u00e3o do homem com a natureza, essa equa\u00e7\u00e3o \u00e9 conhecida como:\u00a0<\/p><p align=\"justify\"><b><br \/>SUSTENTABILIDADE<\/b><\/p><p align=\"justify\">&gt; Identificar, avaliar e controlar riscos \u00e0 sa\u00fade e \u00e0 integridade f\u00edsica dos colaboradores e terceiros.<br \/>&gt; Promover a melhoria cont\u00ednua, atrav\u00e9s do uso de tecnologias, processos e materiais que minimizem riscos e impactos.<\/p><p align=\"justify\">&gt; Incentivar e promover a preven\u00e7\u00e3o de acidentes.<\/p><p align=\"justify\">&gt; Prover recursos, desenvolver e promover a conscientiza\u00e7\u00e3o e capacita\u00e7\u00e3o de seus colaboradores buscando as melhores pr\u00e1ticas.<\/p><p align=\"justify\">&gt; Garantir o atendimento \u00e0 legisla\u00e7\u00e3o vigente e requisitos internos aplic\u00e1veis.<\/p>\t\t\t\t\t\t\t\t<\/div>\n\t\t\t\t<\/div>\n\t\t\t\t\t<\/div>\n\t\t<\/div>\n\t\t\t\t\t<\/div>\n\t\t<\/section>\n\t\t\t\t<section class=\"elementor-section elementor-top-section elementor-element elementor-element-f19ba77 elementor-section-boxed elementor-section-height-default elementor-section-height-default parallax_section_no qode_elementor_container_no\" data-id=\"f19ba77\" data-element_type=\"section\">\n\t\t\t\t\t\t<div class=\"elementor-container elementor-column-gap-default\">\n\t\t\t\t\t<div class=\"elementor-column elementor-col-100 elementor-top-column elementor-element elementor-element-db076b2\" data-id=\"db076b2\" data-element_type=\"column\">\n\t\t\t<div class=\"elementor-widget-wrap elementor-element-populated\">\n\t\t\t\t\t\t<div class=\"elementor-element elementor-element-eb0cab8 elementor-widget elementor-widget-spacer\" data-id=\"eb0cab8\" data-element_type=\"widget\" data-widget_type=\"spacer.default\">\n\t\t\t\t<div class=\"elementor-widget-container\">\n\t\t\t\t\t\t\t<div class=\"elementor-spacer\">\n\t\t\t<div class=\"elementor-spacer-inner\"><\/div>\n\t\t<\/div>\n\t\t\t\t\t\t<\/div>\n\t\t\t\t<\/div>\n\t\t\t\t\t<\/div>\n\t\t<\/div>\n\t\t\t\t\t<\/div>\n\t\t<\/section>\n\t\t\t\t<\/div>\n\t\t","protected":false},"excerpt":{"rendered":"<p>Sendo uma empresa extrativa, estamos conscientes da intera\u00e7\u00e3o que mantemos com a natureza, pois \u00e9 dela que extra\u00edmos os produtos utilizados. A Retromarques Constru\u00e7\u00f5es lda, procura manter as \u00e1reas exploradas em constante recupera\u00e7\u00e3o e renova\u00e7\u00e3o ambiental. As \u00e1reas utilizadas s\u00e3o reflorestadas com pinheiros ou replantadas&#8230;<\/p>\n","protected":false},"author":1,"featured_media":0,"parent":0,"menu_order":0,"comment_status":"closed","ping_status":"closed","template":"","meta":{"footnotes":""},"class_list":["post-916","page","type-page","status-publish","hentry"],"_links":{"self":[{"href":"https:\/\/retromarques.pt\/home\/wp-json\/wp\/v2\/pages\/916","targetHints":{"allow":["GET"]}}],"collection":[{"href":"https:\/\/retromarques.pt\/home\/wp-json\/wp\/v2\/pages"}],"about":[{"href":"https:\/\/retromarques.pt\/home\/wp-json\/wp\/v2\/types\/page"}],"author":[{"embeddable":true,"href":"https:\/\/retromarques.pt\/home\/wp-json\/wp\/v2\/users\/1"}],"replies":[{"embeddable":true,"href":"https:\/\/retromarques.pt\/home\/wp-json\/wp\/v2\/comments?post=916"}],"version-history":[{"count":62,"href":"https:\/\/retromarques.pt\/home\/wp-json\/wp\/v2\/pages\/916\/revisions"}],"predecessor-version":[{"id":1222,"href":"https:\/\/retromarques.pt\/home\/wp-json\/wp\/v2\/pages\/916\/revisions\/1222"}],"wp:attachment":[{"href":"https:\/\/retromarques.pt\/home\/wp-json\/wp\/v2\/media?parent=916"}],"curies":[{"name":"wp","href":"https:\/\/api.w.org\/{rel}","templated":true}]}}