{"id":371,"date":"2022-06-24T14:00:52","date_gmt":"2022-06-24T14:00:52","guid":{"rendered":"https:\/\/bridge440.qodeinteractive.com\/?page_id=371"},"modified":"2023-10-18T11:09:03","modified_gmt":"2023-10-18T11:09:03","slug":"quemsomos","status":"publish","type":"page","link":"https:\/\/retromarques.pt\/home\/quemsomos\/","title":{"rendered":"Quem somos"},"content":{"rendered":"\t\t<div data-elementor-type=\"wp-page\" data-elementor-id=\"371\" class=\"elementor elementor-371\" data-elementor-post-type=\"page\">\n\t\t\t\t\t\t<section class=\"elementor-section elementor-top-section elementor-element elementor-element-e4dbc0d elementor-section-full_width qode_elementor_container_inner elementor-section-height-default elementor-section-height-default parallax_section_no\" data-id=\"e4dbc0d\" data-element_type=\"section\">\n\t\t\t\t\t\t<div class=\"elementor-container elementor-column-gap-default\">\n\t\t\t\t\t<div class=\"elementor-column elementor-col-50 elementor-top-column elementor-element elementor-element-2b15e2b\" data-id=\"2b15e2b\" data-element_type=\"column\">\n\t\t\t<div class=\"elementor-widget-wrap elementor-element-populated\">\n\t\t\t\t\t\t<div class=\"elementor-element elementor-element-d799fb6 elementor-widget elementor-widget-text-editor\" data-id=\"d799fb6\" data-element_type=\"widget\" data-widget_type=\"text-editor.default\">\n\t\t\t\t<div class=\"elementor-widget-container\">\n\t\t\t\t\t\t\t\t\t<h2>A Retromarques Constru\u00e7\u00f5es Lda.<\/h2>\t\t\t\t\t\t\t\t<\/div>\n\t\t\t\t<\/div>\n\t\t\t\t<div class=\"elementor-element elementor-element-b347e9f elementor-widget-divider--view-line elementor-widget elementor-widget-divider\" data-id=\"b347e9f\" data-element_type=\"widget\" data-widget_type=\"divider.default\">\n\t\t\t\t<div class=\"elementor-widget-container\">\n\t\t\t\t\t\t\t<div class=\"elementor-divider\">\n\t\t\t<span class=\"elementor-divider-separator\">\n\t\t\t\t\t\t<\/span>\n\t\t<\/div>\n\t\t\t\t\t\t<\/div>\n\t\t\t\t<\/div>\n\t\t\t\t<div class=\"elementor-element elementor-element-e115edc elementor-widget elementor-widget-text-editor\" data-id=\"e115edc\" data-element_type=\"widget\" data-widget_type=\"text-editor.default\">\n\t\t\t\t<div class=\"elementor-widget-container\">\n\t\t\t\t\t\t\t\t\t<p class=\"p1\">A Retromarques Constru\u00e7\u00f5es Lda \u00e9 uma empresa nacional com mais de 25 anos de experi\u00eancia, sendo a extra\u00e7\u00e3o de areias e o aterro licenciado as suas atividades principais. Dedica-se ainda \u00e0s atividades de transporte de mercadorias, escava\u00e7\u00f5es e demoli\u00e7\u00f5es, constru\u00e7\u00e3o civil, obras p\u00fablicas, e compra e venda de propriedades.<\/p><p>\u00a0<\/p><p class=\"p1\">Possui laborat\u00f3rio pr\u00f3prio para an\u00e1lise regular dos seus produtos, mantendo assim um controle eficiente e preciso da qualidade, de modo a garantir as caracter\u00edsticas de cada tipo de areia e as especifica\u00e7\u00f5es t\u00e9cnicas da\u00a0 marca\u00e7\u00e3o CE.<\/p><p>\u00a0<\/p><p class=\"p1\">A explora\u00e7\u00e3o situa-se na zona industrial de Palmela, junto \u00e0 esta\u00e7\u00e3o de comboios de Palmela, e denomina-se como \u201cHerdade da Biscaia n\u00ba2\u201d.<\/p><p>\u00a0<\/p><p class=\"p1\">Os s\u00f3cios gerentes, pessoas de idoneidade e confian\u00e7a reconhecidas, cujas rela\u00e7\u00f5es comerciais sempre se pautaram por elevados crit\u00e9rios de\u00a0 integridade e transpar\u00eancia, procuram a satisfa\u00e7\u00e3o e fideliza\u00e7\u00e3o dos clientes atrav\u00e9s da qualidade dos seus produtos e servi\u00e7os.<\/p>\t\t\t\t\t\t\t\t<\/div>\n\t\t\t\t<\/div>\n\t\t\t\t\t<\/div>\n\t\t<\/div>\n\t\t\t\t<div class=\"elementor-column elementor-col-50 elementor-top-column elementor-element elementor-element-dd59c62\" data-id=\"dd59c62\" data-element_type=\"column\">\n\t\t\t<div class=\"elementor-widget-wrap elementor-element-populated\">\n\t\t\t\t\t\t<div class=\"elementor-element elementor-element-1d693e2 elementor-widget elementor-widget-image\" data-id=\"1d693e2\" data-element_type=\"widget\" data-widget_type=\"image.default\">\n\t\t\t\t<div class=\"elementor-widget-container\">\n\t\t\t\t\t\t\t\t\t\t\t\t\t\t\t<img fetchpriority=\"high\" decoding=\"async\" width=\"1000\" height=\"1000\" src=\"https:\/\/retromarques.pt\/home\/wp-content\/uploads\/2023\/10\/sobre-rm-1000x1000.jpg\" class=\"attachment-portfolio_masonry_large size-portfolio_masonry_large wp-image-1117\" alt=\"\" srcset=\"https:\/\/retromarques.pt\/home\/wp-content\/uploads\/2023\/10\/sobre-rm-1000x1000.jpg 1000w, https:\/\/retromarques.pt\/home\/wp-content\/uploads\/2023\/10\/sobre-rm-300x300.jpg 300w, https:\/\/retromarques.pt\/home\/wp-content\/uploads\/2023\/10\/sobre-rm-1024x1024.jpg 1024w, https:\/\/retromarques.pt\/home\/wp-content\/uploads\/2023\/10\/sobre-rm-150x150.jpg 150w, https:\/\/retromarques.pt\/home\/wp-content\/uploads\/2023\/10\/sobre-rm-768x768.jpg 768w, https:\/\/retromarques.pt\/home\/wp-content\/uploads\/2023\/10\/sobre-rm-570x570.jpg 570w, https:\/\/retromarques.pt\/home\/wp-content\/uploads\/2023\/10\/sobre-rm-500x500.jpg 500w, https:\/\/retromarques.pt\/home\/wp-content\/uploads\/2023\/10\/sobre-rm-700x700.jpg 700w, https:\/\/retromarques.pt\/home\/wp-content\/uploads\/2023\/10\/sobre-rm-650x650.jpg 650w, https:\/\/retromarques.pt\/home\/wp-content\/uploads\/2023\/10\/sobre-rm.jpg 1080w\" sizes=\"(max-width: 1000px) 100vw, 1000px\" \/>\t\t\t\t\t\t\t\t\t\t\t\t\t\t\t<\/div>\n\t\t\t\t<\/div>\n\t\t\t\t\t<\/div>\n\t\t<\/div>\n\t\t\t\t\t<\/div>\n\t\t<\/section>\n\t\t\t\t<section class=\"elementor-section elementor-top-section elementor-element elementor-element-f6e89c7 elementor-section-boxed elementor-section-height-default elementor-section-height-default parallax_section_no qode_elementor_container_no\" data-id=\"f6e89c7\" data-element_type=\"section\">\n\t\t\t\t\t\t<div class=\"elementor-container elementor-column-gap-default\">\n\t\t\t\t\t<div class=\"elementor-column elementor-col-100 elementor-top-column elementor-element elementor-element-2e9a3d1\" data-id=\"2e9a3d1\" data-element_type=\"column\">\n\t\t\t<div class=\"elementor-widget-wrap elementor-element-populated\">\n\t\t\t\t\t\t<div class=\"elementor-element elementor-element-3ffc808 gallery-spacing-custom elementor-widget elementor-widget-image-gallery\" data-id=\"3ffc808\" data-element_type=\"widget\" data-widget_type=\"image-gallery.default\">\n\t\t\t\t<div class=\"elementor-widget-container\">\n\t\t\t\t\t\t\t<div class=\"elementor-image-gallery\">\n\t\t\t\n\t\t<style type=\"text\/css\">\n\t\t\t#gallery-1 {\n\t\t\t\tmargin: auto;\n\t\t\t}\n\t\t\t#gallery-1 .gallery-item {\n\t\t\t\tfloat: left;\n\t\t\t\tmargin-top: 10px;\n\t\t\t\ttext-align: center;\n\t\t\t\twidth: 25%;\n\t\t\t}\n\t\t\t#gallery-1 img {\n\t\t\t\tborder: 2px solid #cfcfcf;\n\t\t\t}\n\t\t\t#gallery-1 .gallery-caption {\n\t\t\t\tmargin-left: 0;\n\t\t\t}\n\t\t\t\/* see gallery_shortcode() in wp-includes\/media.php *\/\n\t\t<\/style>\n\t\t<div id='gallery-1' class='gallery galleryid-371 gallery-columns-4 gallery-size-full'><dl class='gallery-item'>\n\t\t\t<dt class='gallery-icon landscape'>\n\t\t\t\t<a data-elementor-open-lightbox=\"yes\" data-elementor-lightbox-slideshow=\"3ffc808\" data-elementor-lightbox-title=\"qd-gal1\" data-e-action-hash=\"#elementor-action%3Aaction%3Dlightbox%26settings%3DeyJpZCI6MTA4NCwidXJsIjoiaHR0cHM6XC9cL3JldHJvbWFycXVlcy5wdFwvaG9tZVwvd3AtY29udGVudFwvdXBsb2Fkc1wvMjAyM1wvMDlcL3FkLWdhbDEuanBnIiwic2xpZGVzaG93IjoiM2ZmYzgwOCJ9\" href='https:\/\/retromarques.pt\/home\/wp-content\/uploads\/2023\/09\/qd-gal1.jpg'><img decoding=\"async\" width=\"1977\" height=\"1283\" src=\"https:\/\/retromarques.pt\/home\/wp-content\/uploads\/2023\/09\/qd-gal1.jpg\" class=\"attachment-full size-full\" alt=\"\" srcset=\"https:\/\/retromarques.pt\/home\/wp-content\/uploads\/2023\/09\/qd-gal1.jpg 1977w, https:\/\/retromarques.pt\/home\/wp-content\/uploads\/2023\/09\/qd-gal1-300x195.jpg 300w, https:\/\/retromarques.pt\/home\/wp-content\/uploads\/2023\/09\/qd-gal1-1024x665.jpg 1024w, https:\/\/retromarques.pt\/home\/wp-content\/uploads\/2023\/09\/qd-gal1-768x498.jpg 768w, https:\/\/retromarques.pt\/home\/wp-content\/uploads\/2023\/09\/qd-gal1-1536x997.jpg 1536w, https:\/\/retromarques.pt\/home\/wp-content\/uploads\/2023\/09\/qd-gal1-400x260.jpg 400w, https:\/\/retromarques.pt\/home\/wp-content\/uploads\/2023\/09\/qd-gal1-700x454.jpg 700w\" sizes=\"(max-width: 1977px) 100vw, 1977px\" \/><\/a>\n\t\t\t<\/dt><\/dl><dl class='gallery-item'>\n\t\t\t<dt class='gallery-icon landscape'>\n\t\t\t\t<a data-elementor-open-lightbox=\"yes\" data-elementor-lightbox-slideshow=\"3ffc808\" data-elementor-lightbox-title=\"qd-gal2\" data-e-action-hash=\"#elementor-action%3Aaction%3Dlightbox%26settings%3DeyJpZCI6MTA4NSwidXJsIjoiaHR0cHM6XC9cL3JldHJvbWFycXVlcy5wdFwvaG9tZVwvd3AtY29udGVudFwvdXBsb2Fkc1wvMjAyM1wvMDlcL3FkLWdhbDIuanBnIiwic2xpZGVzaG93IjoiM2ZmYzgwOCJ9\" href='https:\/\/retromarques.pt\/home\/wp-content\/uploads\/2023\/09\/qd-gal2.jpg'><img decoding=\"async\" width=\"1977\" height=\"1283\" src=\"https:\/\/retromarques.pt\/home\/wp-content\/uploads\/2023\/09\/qd-gal2.jpg\" class=\"attachment-full size-full\" alt=\"\" srcset=\"https:\/\/retromarques.pt\/home\/wp-content\/uploads\/2023\/09\/qd-gal2.jpg 1977w, https:\/\/retromarques.pt\/home\/wp-content\/uploads\/2023\/09\/qd-gal2-300x195.jpg 300w, https:\/\/retromarques.pt\/home\/wp-content\/uploads\/2023\/09\/qd-gal2-1024x665.jpg 1024w, https:\/\/retromarques.pt\/home\/wp-content\/uploads\/2023\/09\/qd-gal2-768x498.jpg 768w, https:\/\/retromarques.pt\/home\/wp-content\/uploads\/2023\/09\/qd-gal2-1536x997.jpg 1536w, https:\/\/retromarques.pt\/home\/wp-content\/uploads\/2023\/09\/qd-gal2-400x260.jpg 400w, https:\/\/retromarques.pt\/home\/wp-content\/uploads\/2023\/09\/qd-gal2-700x454.jpg 700w\" sizes=\"(max-width: 1977px) 100vw, 1977px\" \/><\/a>\n\t\t\t<\/dt><\/dl><dl class='gallery-item'>\n\t\t\t<dt class='gallery-icon landscape'>\n\t\t\t\t<a data-elementor-open-lightbox=\"yes\" data-elementor-lightbox-slideshow=\"3ffc808\" data-elementor-lightbox-title=\"qd-gal3\" data-e-action-hash=\"#elementor-action%3Aaction%3Dlightbox%26settings%3DeyJpZCI6MTA4NiwidXJsIjoiaHR0cHM6XC9cL3JldHJvbWFycXVlcy5wdFwvaG9tZVwvd3AtY29udGVudFwvdXBsb2Fkc1wvMjAyM1wvMDlcL3FkLWdhbDMuanBnIiwic2xpZGVzaG93IjoiM2ZmYzgwOCJ9\" href='https:\/\/retromarques.pt\/home\/wp-content\/uploads\/2023\/09\/qd-gal3.jpg'><img loading=\"lazy\" decoding=\"async\" width=\"1977\" height=\"1283\" src=\"https:\/\/retromarques.pt\/home\/wp-content\/uploads\/2023\/09\/qd-gal3.jpg\" class=\"attachment-full size-full\" alt=\"\" srcset=\"https:\/\/retromarques.pt\/home\/wp-content\/uploads\/2023\/09\/qd-gal3.jpg 1977w, https:\/\/retromarques.pt\/home\/wp-content\/uploads\/2023\/09\/qd-gal3-300x195.jpg 300w, https:\/\/retromarques.pt\/home\/wp-content\/uploads\/2023\/09\/qd-gal3-1024x665.jpg 1024w, https:\/\/retromarques.pt\/home\/wp-content\/uploads\/2023\/09\/qd-gal3-768x498.jpg 768w, https:\/\/retromarques.pt\/home\/wp-content\/uploads\/2023\/09\/qd-gal3-1536x997.jpg 1536w, https:\/\/retromarques.pt\/home\/wp-content\/uploads\/2023\/09\/qd-gal3-400x260.jpg 400w, https:\/\/retromarques.pt\/home\/wp-content\/uploads\/2023\/09\/qd-gal3-700x454.jpg 700w\" sizes=\"(max-width: 1977px) 100vw, 1977px\" \/><\/a>\n\t\t\t<\/dt><\/dl><dl class='gallery-item'>\n\t\t\t<dt class='gallery-icon landscape'>\n\t\t\t\t<a data-elementor-open-lightbox=\"yes\" data-elementor-lightbox-slideshow=\"3ffc808\" data-elementor-lightbox-title=\"qd-gal4\" data-e-action-hash=\"#elementor-action%3Aaction%3Dlightbox%26settings%3DeyJpZCI6MTA4NywidXJsIjoiaHR0cHM6XC9cL3JldHJvbWFycXVlcy5wdFwvaG9tZVwvd3AtY29udGVudFwvdXBsb2Fkc1wvMjAyM1wvMDlcL3FkLWdhbDQuanBnIiwic2xpZGVzaG93IjoiM2ZmYzgwOCJ9\" href='https:\/\/retromarques.pt\/home\/wp-content\/uploads\/2023\/09\/qd-gal4.jpg'><img loading=\"lazy\" decoding=\"async\" width=\"1977\" height=\"1283\" src=\"https:\/\/retromarques.pt\/home\/wp-content\/uploads\/2023\/09\/qd-gal4.jpg\" class=\"attachment-full size-full\" alt=\"\" srcset=\"https:\/\/retromarques.pt\/home\/wp-content\/uploads\/2023\/09\/qd-gal4.jpg 1977w, https:\/\/retromarques.pt\/home\/wp-content\/uploads\/2023\/09\/qd-gal4-300x195.jpg 300w, https:\/\/retromarques.pt\/home\/wp-content\/uploads\/2023\/09\/qd-gal4-1024x665.jpg 1024w, https:\/\/retromarques.pt\/home\/wp-content\/uploads\/2023\/09\/qd-gal4-768x498.jpg 768w, https:\/\/retromarques.pt\/home\/wp-content\/uploads\/2023\/09\/qd-gal4-1536x997.jpg 1536w, https:\/\/retromarques.pt\/home\/wp-content\/uploads\/2023\/09\/qd-gal4-400x260.jpg 400w, https:\/\/retromarques.pt\/home\/wp-content\/uploads\/2023\/09\/qd-gal4-700x454.jpg 700w\" sizes=\"(max-width: 1977px) 100vw, 1977px\" \/><\/a>\n\t\t\t<\/dt><\/dl><br style=\"clear: both\" \/>\n\t\t<\/div>\n\t\t<\/div>\n\t\t\t\t\t\t<\/div>\n\t\t\t\t<\/div>\n\t\t\t\t<div class=\"elementor-element elementor-element-e2814c9 elementor-widget elementor-widget-spacer\" data-id=\"e2814c9\" data-element_type=\"widget\" data-widget_type=\"spacer.default\">\n\t\t\t\t<div class=\"elementor-widget-container\">\n\t\t\t\t\t\t\t<div class=\"elementor-spacer\">\n\t\t\t<div class=\"elementor-spacer-inner\"><\/div>\n\t\t<\/div>\n\t\t\t\t\t\t<\/div>\n\t\t\t\t<\/div>\n\t\t\t\t\t<\/div>\n\t\t<\/div>\n\t\t\t\t\t<\/div>\n\t\t<\/section>\n\t\t\t\t<\/div>\n\t\t","protected":false},"excerpt":{"rendered":"<p>A Retromarques Constru\u00e7\u00f5es Lda. A Retromarques Constru\u00e7\u00f5es Lda \u00e9 uma empresa nacional com mais de 25 anos de experi\u00eancia, sendo a extra\u00e7\u00e3o de areias e o aterro licenciado as suas atividades principais. Dedica-se ainda \u00e0s atividades de transporte de mercadorias, escava\u00e7\u00f5es e demoli\u00e7\u00f5es, constru\u00e7\u00e3o civil,&#8230;<\/p>\n","protected":false},"author":1,"featured_media":0,"parent":0,"menu_order":0,"comment_status":"closed","ping_status":"closed","template":"full_width.php","meta":{"footnotes":""},"class_list":["post-371","page","type-page","status-publish","hentry"],"_links":{"self":[{"href":"https:\/\/retromarques.pt\/home\/wp-json\/wp\/v2\/pages\/371","targetHints":{"allow":["GET"]}}],"collection":[{"href":"https:\/\/retromarques.pt\/home\/wp-json\/wp\/v2\/pages"}],"about":[{"href":"https:\/\/retromarques.pt\/home\/wp-json\/wp\/v2\/types\/page"}],"author":[{"embeddable":true,"href":"https:\/\/retromarques.pt\/home\/wp-json\/wp\/v2\/users\/1"}],"replies":[{"embeddable":true,"href":"https:\/\/retromarques.pt\/home\/wp-json\/wp\/v2\/comments?post=371"}],"version-history":[{"count":54,"href":"https:\/\/retromarques.pt\/home\/wp-json\/wp\/v2\/pages\/371\/revisions"}],"predecessor-version":[{"id":1126,"href":"https:\/\/retromarques.pt\/home\/wp-json\/wp\/v2\/pages\/371\/revisions\/1126"}],"wp:attachment":[{"href":"https:\/\/retromarques.pt\/home\/wp-json\/wp\/v2\/media?parent=371"}],"curies":[{"name":"wp","href":"https:\/\/api.w.org\/{rel}","templated":true}]}}